{"id":2829,"date":"2025-12-04T18:36:02","date_gmt":"2025-12-04T17:36:02","guid":{"rendered":"https:\/\/ossportswear.com\/?post_type=product&#038;p=2829"},"modified":"2026-04-09T07:39:13","modified_gmt":"2026-04-09T06:39:13","slug":"cloud-fit-jogger-latte","status":"publish","type":"product","link":"https:\/\/ossportswear.com\/fr\/produit\/cloud-fit-jogger-latte\/","title":{"rendered":"Cloud Fit Jogger"},"content":{"rendered":"<p data-start=\"103\" data-end=\"123\"><strong data-start=\"103\" data-end=\"123\">Cloud Fit Jogger<\/strong><\/p>\n<p data-start=\"125\" data-end=\"370\">D\u00e9couvrez le <strong data-start=\"138\" data-end=\"158\">Cloud Fit Jogger<\/strong>, le pantalon ample en coton con\u00e7u pour offrir un confort absolu au quotidien. Gr\u00e2ce \u00e0 sa taille modulable, il se porte aussi bien <strong data-start=\"289\" data-end=\"305\">taille haute<\/strong> que <strong data-start=\"310\" data-end=\"326\">taille basse<\/strong>, selon votre style et votre mood du moment.<\/p>\n<p data-start=\"372\" data-end=\"614\">Sa <strong data-start=\"375\" data-end=\"394\">coupe g\u00e9n\u00e9reuse<\/strong> enveloppe la silhouette tout en l\u00e9g\u00e8ret\u00e9, pour cr\u00e9er un look <strong data-start=\"456\" data-end=\"478\">streetwear moderne<\/strong>, effortless et ultra-confortable. Parfait pour chiller, sortir ou voyager, il deviendra rapidement un incontournable de votre dressing.<\/p>","protected":false},"excerpt":{"rendered":"<p data-start=\"103\" data-end=\"123\">\n<p data-start=\"125\" data-end=\"370\">\n<p data-start=\"372\" data-end=\"614\">","protected":false},"featured_media":2854,"template":"","meta":[],"product_brand":[],"product_cat":[76,68],"product_tag":[],"class_list":{"0":"post-2829","1":"product","2":"type-product","3":"status-publish","4":"has-post-thumbnail","6":"product_cat-bottoms","7":"product_cat-cloud-fit-jogger","9":"first","10":"instock","11":"shipping-taxable","12":"purchasable","13":"product-type-variable","14":"has-default-attributes"},"_links":{"self":[{"href":"https:\/\/ossportswear.com\/fr\/wp-json\/wp\/v2\/product\/2829","targetHints":{"allow":["GET"]}}],"collection":[{"href":"https:\/\/ossportswear.com\/fr\/wp-json\/wp\/v2\/product"}],"about":[{"href":"https:\/\/ossportswear.com\/fr\/wp-json\/wp\/v2\/types\/product"}],"wp:featuredmedia":[{"embeddable":true,"href":"https:\/\/ossportswear.com\/fr\/wp-json\/wp\/v2\/media\/2854"}],"wp:attachment":[{"href":"https:\/\/ossportswear.com\/fr\/wp-json\/wp\/v2\/media?parent=2829"}],"wp:term":[{"taxonomy":"product_brand","embeddable":true,"href":"https:\/\/ossportswear.com\/fr\/wp-json\/wp\/v2\/product_brand?post=2829"},{"taxonomy":"product_cat","embeddable":true,"href":"https:\/\/ossportswear.com\/fr\/wp-json\/wp\/v2\/product_cat?post=2829"},{"taxonomy":"product_tag","embeddable":true,"href":"https:\/\/ossportswear.com\/fr\/wp-json\/wp\/v2\/product_tag?post=2829"}],"curies":[{"name":"wp","href":"https:\/\/api.w.org\/{rel}","templated":true}]}}