{"id":3093,"date":"2026-04-08T22:04:18","date_gmt":"2026-04-08T21:04:18","guid":{"rendered":"https:\/\/ossportswear.com\/?post_type=product&#038;p=3093"},"modified":"2026-04-09T20:45:27","modified_gmt":"2026-04-09T19:45:27","slug":"halter-sculpt-top","status":"publish","type":"product","link":"https:\/\/ossportswear.com\/fr\/produit\/halter-sculpt-top\/","title":{"rendered":"Halter Sculpt Top"},"content":{"rendered":"<p>D\u00e9collet\u00e9 crois\u00e9 ultra f\u00e9minin qui met naturellement en valeur la poitrine<br \/>\n\u2022 Maintien optimal gr\u00e2ce \u00e0 la coupe structur\u00e9e (effet sculptant sans compromettre le confort)<br \/>\n\u2022 Dos d\u00e9gag\u00e9 avec attache halter pour une silhouette \u00e9l\u00e9gante et affirm\u00e9e<br \/>\n\u2022 Tissu doux, gainant et seconde peau pour un rendu clean et luxe<br \/>\n\u2022 Coupe cintr\u00e9e qui souligne la taille et cr\u00e9e une silhouette harmonieuse<\/p>","protected":false},"excerpt":{"rendered":"<p>D\u00e9collet\u00e9 crois\u00e9 ultra f\u00e9minin qui met naturellement en valeur la poitrine \u2022 Maintien optimal gr\u00e2ce \u00e0 la coupe structur\u00e9e (effet sculptant sans compromettre le confort) \u2022 Dos d\u00e9gag\u00e9 avec attache halter pour&hellip;<\/p>","protected":false},"featured_media":3098,"template":"","meta":[],"product_brand":[],"product_cat":[23,75],"product_tag":[],"class_list":{"0":"post-3093","1":"product","2":"type-product","3":"status-publish","4":"has-post-thumbnail","6":"product_cat-new-collection","7":"product_cat-tops","9":"first","10":"instock","11":"shipping-taxable","12":"purchasable","13":"product-type-variable","14":"has-default-attributes"},"_links":{"self":[{"href":"https:\/\/ossportswear.com\/fr\/wp-json\/wp\/v2\/product\/3093","targetHints":{"allow":["GET"]}}],"collection":[{"href":"https:\/\/ossportswear.com\/fr\/wp-json\/wp\/v2\/product"}],"about":[{"href":"https:\/\/ossportswear.com\/fr\/wp-json\/wp\/v2\/types\/product"}],"wp:featuredmedia":[{"embeddable":true,"href":"https:\/\/ossportswear.com\/fr\/wp-json\/wp\/v2\/media\/3098"}],"wp:attachment":[{"href":"https:\/\/ossportswear.com\/fr\/wp-json\/wp\/v2\/media?parent=3093"}],"wp:term":[{"taxonomy":"product_brand","embeddable":true,"href":"https:\/\/ossportswear.com\/fr\/wp-json\/wp\/v2\/product_brand?post=3093"},{"taxonomy":"product_cat","embeddable":true,"href":"https:\/\/ossportswear.com\/fr\/wp-json\/wp\/v2\/product_cat?post=3093"},{"taxonomy":"product_tag","embeddable":true,"href":"https:\/\/ossportswear.com\/fr\/wp-json\/wp\/v2\/product_tag?post=3093"}],"curies":[{"name":"wp","href":"https:\/\/api.w.org\/{rel}","templated":true}]}}