{"id":3103,"date":"2026-04-08T22:13:25","date_gmt":"2026-04-08T21:13:25","guid":{"rendered":"https:\/\/ossportswear.com\/?post_type=product&#038;p=3103"},"modified":"2026-04-09T20:42:26","modified_gmt":"2026-04-09T19:42:26","slug":"scult-legging-baby-pink","status":"publish","type":"product","link":"https:\/\/ossportswear.com\/fr\/produit\/scult-legging-baby-pink\/","title":{"rendered":"Scult Legging"},"content":{"rendered":"<p>\u2022 Taille haute gainante pour un effet ventre plat imm\u00e9diat<br \/>\n\u2022 Couture en V \u00e0 l\u2019arri\u00e8re pour galber et rehausser naturellement les fessiers<br \/>\n\u2022 Effet scrunch invisible pour un rendu lift sans exag\u00e9ration<br \/>\n\u2022 Coupe seconde peau qui \u00e9pouse parfaitement les courbes<br \/>\n\u2022 Mati\u00e8re douce, stretch et non transparente pour un confort total<\/p>\n<p>R\u00e9sultat : une silhouette sculpt\u00e9e, f\u00e9minine et ultra confiante.<\/p>","protected":false},"excerpt":{"rendered":"<p>\u2022 Taille haute gainante pour un effet ventre plat imm\u00e9diat \u2022 Couture en V \u00e0 l\u2019arri\u00e8re pour galber et rehausser naturellement les fessiers \u2022 Effet scrunch invisible pour un rendu lift sans&hellip;<\/p>","protected":false},"featured_media":3109,"template":"","meta":[],"product_brand":[],"product_cat":[76,37,23],"product_tag":[],"class_list":{"0":"post-3103","1":"product","2":"type-product","3":"status-publish","4":"has-post-thumbnail","6":"product_cat-bottoms","7":"product_cat-leggings","8":"product_cat-new-collection","10":"first","11":"instock","12":"shipping-taxable","13":"purchasable","14":"product-type-variable","15":"has-default-attributes"},"_links":{"self":[{"href":"https:\/\/ossportswear.com\/fr\/wp-json\/wp\/v2\/product\/3103","targetHints":{"allow":["GET"]}}],"collection":[{"href":"https:\/\/ossportswear.com\/fr\/wp-json\/wp\/v2\/product"}],"about":[{"href":"https:\/\/ossportswear.com\/fr\/wp-json\/wp\/v2\/types\/product"}],"wp:featuredmedia":[{"embeddable":true,"href":"https:\/\/ossportswear.com\/fr\/wp-json\/wp\/v2\/media\/3109"}],"wp:attachment":[{"href":"https:\/\/ossportswear.com\/fr\/wp-json\/wp\/v2\/media?parent=3103"}],"wp:term":[{"taxonomy":"product_brand","embeddable":true,"href":"https:\/\/ossportswear.com\/fr\/wp-json\/wp\/v2\/product_brand?post=3103"},{"taxonomy":"product_cat","embeddable":true,"href":"https:\/\/ossportswear.com\/fr\/wp-json\/wp\/v2\/product_cat?post=3103"},{"taxonomy":"product_tag","embeddable":true,"href":"https:\/\/ossportswear.com\/fr\/wp-json\/wp\/v2\/product_tag?post=3103"}],"curies":[{"name":"wp","href":"https:\/\/api.w.org\/{rel}","templated":true}]}}